{"id":1859,"date":"2025-07-29T12:17:44","date_gmt":"2025-07-29T12:17:44","guid":{"rendered":"https:\/\/chateau-mirambeau.exelyweb.com\/?page_id=1859"},"modified":"2026-03-02T13:56:14","modified_gmt":"2026-03-02T13:56:14","slug":"suite-galerie","status":"publish","type":"page","link":"https:\/\/chateau-mirambeau.exelyweb.com\/fr\/chambres-suites\/suite-galerie\/","title":{"rendered":"Galerie Suites"},"content":{"rendered":"<div data-elementor-type=\"wp-page\" data-elementor-id=\"1859\" class=\"elementor elementor-1859\">\n\t\t\t\t\t\t<section class=\"elementor-section elementor-top-section elementor-element elementor-element-b643e7b elementor-section-boxed elementor-section-height-default elementor-section-height-default\" data-id=\"b643e7b\" data-element_type=\"section\" data-e-type=\"section\" data-settings=\"{&quot;background_background&quot;:&quot;classic&quot;}\">\n\t\t\t\t\t\t<div class=\"elementor-container elementor-column-gap-no\">\n\t\t\t\t\t<div class=\"elementor-column elementor-col-100 elementor-top-column elementor-element elementor-element-3cd08d8c\" data-id=\"3cd08d8c\" data-element_type=\"column\" data-e-type=\"column\">\n\t\t\t<div class=\"elementor-widget-wrap elementor-element-populated\">\n\t\t\t\t\t\t<div class=\"elementor-element elementor-element-37799779 elementor-widget elementor-widget-heading\" data-id=\"37799779\" data-element_type=\"widget\" data-e-type=\"widget\" data-widget_type=\"heading.default\">\n\t\t\t\t<div class=\"elementor-widget-container\">\n\t\t\t\t\t<h1 class=\"elementor-heading-title elementor-size-default\"><a href=\"https:\/\/chateau-mirambeau.exelyweb.com\/fr\/chambres-suites\/\">Galerie Suites\u200b<\/a><\/h1>\t\t\t\t<\/div>\n\t\t\t\t<\/div>\n\t\t\t\t\t<\/div>\n\t\t<\/div>\n\t\t\t\t\t<\/div>\n\t\t<\/section>\n\t\t<div class=\"elementor-element elementor-element-315d259 e-flex e-con-boxed e-con e-parent\" data-id=\"315d259\" data-element_type=\"container\" data-e-type=\"container\">\n\t\t\t\t\t<div class=\"e-con-inner\">\n\t\t\t\t<div class=\"elementor-element elementor-element-fe85d71 elementor-widget elementor-widget-text-editor\" data-id=\"fe85d71\" data-element_type=\"widget\" data-e-type=\"widget\" data-widget_type=\"text-editor.default\">\n\t\t\t\t<div class=\"elementor-widget-container\">\n\t\t\t\t\t\t\t\t\t<p style=\"text-align: center;\">Nos Gallery Suites sont situ\u00e9es dans la partie la plus ancienne du Ch\u00e2teau de Mirambeau, datant des XIe et XIIIe si\u00e8cles.<\/p><p style=\"text-align: center;\">D'une superficie d'environ 55 m\u00b2, ces suites sont id\u00e9ales pour les familles, offrant m\u00eame la possibilit\u00e9 de privatiser l'\u00e9tage qui comprend 2 suites.<\/p><p style=\"text-align: center;\">Elles disposent toutes d'un grand dressing, d'une somptueuse salle de bains en marbre avec douche et baignoire s\u00e9par\u00e9e.<\/p><p style=\"text-align: center;\">La vue sur la piscine et notre plantation de bambous offre une atmosph\u00e8re calme et relaxante.<\/p><p style=\"text-align: center;\">Ensemble de luxe de la nouvelle ligne COMFORT ZONE, dont vous retrouverez le parfum dans le SPA.<\/p>\t\t\t\t\t\t\t\t<\/div>\n\t\t\t\t<\/div>\n\t\t\t\t<div class=\"elementor-element elementor-element-2bfe782 elementor-arrows-position-inside elementor-pagination-position-outside elementor-widget elementor-widget-image-carousel\" data-id=\"2bfe782\" data-element_type=\"widget\" data-e-type=\"widget\" data-settings=\"{&quot;slides_to_show&quot;:&quot;1&quot;,&quot;navigation&quot;:&quot;both&quot;,&quot;autoplay&quot;:&quot;yes&quot;,&quot;pause_on_hover&quot;:&quot;yes&quot;,&quot;pause_on_interaction&quot;:&quot;yes&quot;,&quot;autoplay_speed&quot;:5000,&quot;infinite&quot;:&quot;yes&quot;,&quot;effect&quot;:&quot;slide&quot;,&quot;speed&quot;:500}\" data-widget_type=\"image-carousel.default\">\n\t\t\t\t<div class=\"elementor-widget-container\">\n\t\t\t\t\t\t\t<div class=\"elementor-image-carousel-wrapper swiper\" role=\"region\" aria-roledescription=\"carousel\" aria-label=\"\u041a\u0430\u0440\u0443\u0441\u0435\u043b\u044c\" dir=\"ltr\">\n\t\t\t<div class=\"elementor-image-carousel swiper-wrapper\" aria-live=\"off\">\n\t\t\t\t\t\t\t\t<div class=\"swiper-slide\" role=\"group\" aria-roledescription=\"slide\" aria-label=\"1 de 3\" data-no-translation-aria-label=\"\"><figure class=\"swiper-slide-inner\"><img decoding=\"async\" class=\"swiper-slide-image\" src=\"https:\/\/chateau-mirambeau.exelyweb.com\/wp-content\/uploads\/2025\/11\/Galerie-Suite-ch.36-001-2-e1763987176973-768x427.jpg\" alt=\"\" \/><\/figure><\/div><div class=\"swiper-slide\" role=\"group\" aria-roledescription=\"slide\" aria-label=\"2 de 3\" data-no-translation-aria-label=\"\"><figure class=\"swiper-slide-inner\"><img decoding=\"async\" class=\"swiper-slide-image\" src=\"https:\/\/chateau-mirambeau.exelyweb.com\/wp-content\/uploads\/2025\/11\/Galerie-Suite-201-3-e1763987153414-768x427.jpg\" alt=\"\" \/><\/figure><\/div><div class=\"swiper-slide\" role=\"group\" aria-roledescription=\"slide\" aria-label=\"3 de 3\" data-no-translation-aria-label=\"\"><figure class=\"swiper-slide-inner\"><img decoding=\"async\" class=\"swiper-slide-image\" src=\"https:\/\/chateau-mirambeau.exelyweb.com\/wp-content\/uploads\/2025\/11\/Galerie-Suite-ch.36-010-2-e1763987201478-768x427.jpg\" alt=\"\" \/><\/figure><\/div>\t\t\t<\/div>\n\t\t\t\t\t\t\t\t\t\t\t\t<div class=\"elementor-swiper-button elementor-swiper-button-prev\" role=\"button\" tabindex=\"0\">\n\t\t\t\t\t\t<svg aria-hidden=\"true\" class=\"e-font-icon-svg e-eicon-chevron-left\" viewbox=\"0 0 1000 1000\" xmlns=\"http:\/\/www.w3.org\/2000\/svg\"><path d=\"M646 125C629 125 613 133 604 142L308 442C296 454 292 471 292 487 292 504 296 521 308 533L604 854C617 867 629 875 646 875 663 875 679 871 692 858 704 846 713 829 713 812 713 796 708 779 692 767L438 487 692 225C700 217 708 204 708 187 708 171 704 154 692 142 675 129 663 125 646 125Z\"><\/path><\/svg>\t\t\t\t\t<\/div>\n\t\t\t\t\t<div class=\"elementor-swiper-button elementor-swiper-button-next\" role=\"button\" tabindex=\"0\">\n\t\t\t\t\t\t<svg aria-hidden=\"true\" class=\"e-font-icon-svg e-eicon-chevron-right\" viewbox=\"0 0 1000 1000\" xmlns=\"http:\/\/www.w3.org\/2000\/svg\"><path d=\"M696 533C708 521 713 504 713 487 713 471 708 454 696 446L400 146C388 133 375 125 354 125 338 125 325 129 313 142 300 154 292 171 292 187 292 204 296 221 308 233L563 492 304 771C292 783 288 800 288 817 288 833 296 850 308 863 321 871 338 875 354 875 371 875 388 867 400 854L696 533Z\"><\/path><\/svg>\t\t\t\t\t<\/div>\n\t\t\t\t\n\t\t\t\t\t\t\t\t\t<div class=\"swiper-pagination\"><\/div>\n\t\t\t\t\t\t\t\t\t<\/div>\n\t\t\t\t\t\t<\/div>\n\t\t\t\t<\/div>\n\t\t\t\t<div class=\"elementor-element elementor-element-7790732 elementor-widget elementor-widget-text-editor\" data-id=\"7790732\" data-element_type=\"widget\" data-e-type=\"widget\" data-widget_type=\"text-editor.default\">\n\t\t\t\t<div class=\"elementor-widget-container\">\n\t\t\t\t\t\t\t\t\t<ul>\n \t<li>Size: 55 \u2013 58 m<sup>2<\/sup><\/li>\n \t<li>View: Stunning pool<\/li>\n \t<li>Features: Spacious dressing room, two chambers &#8211; living room and bedroom<\/li>\n \t<li>Bathroom: Separate shower, luxurious bathtub<\/li>\n \t<li>Color Schemes: Gleaming gold, avant-garde khaki, and vibrant multicolored palettes<\/li>\n<\/ul>\t\t\t\t\t\t\t\t<\/div>\n\t\t\t\t<\/div>\n\t\t\t\t\t<\/div>\n\t\t\t\t<\/div>\n\t\t<div class=\"elementor-element elementor-element-d70c43d e-flex e-con-boxed e-con e-parent\" data-id=\"d70c43d\" data-element_type=\"container\" data-e-type=\"container\">\n\t\t\t\t\t<div class=\"e-con-inner\">\n\t\t\t\t<div class=\"elementor-element elementor-element-ea56ef0 elementor-align-center elementor-widget elementor-widget-button\" data-id=\"ea56ef0\" data-element_type=\"widget\" data-e-type=\"widget\" data-widget_type=\"button.default\">\n\t\t\t\t<div class=\"elementor-widget-container\">\n\t\t\t\t\t\t\t\t\t<div class=\"elementor-button-wrapper\">\n\t\t\t\t\t<a class=\"elementor-button elementor-button-link elementor-size-sm\" href=\"#\">\n\t\t\t\t\t\t<span class=\"elementor-button-content-wrapper\">\n\t\t\t\t\t\t\t\t\t<span class=\"elementor-button-text\">R\u00c9SERVEZ MAINTENANT<\/span>\n\t\t\t\t\t<\/span>\n\t\t\t\t\t<\/a>\n\t\t\t\t<\/div>\n\t\t\t\t\t\t\t\t<\/div>\n\t\t\t\t<\/div>\n\t\t\t\t\t<\/div>\n\t\t\t\t<\/div>\n\t\t<div class=\"elementor-element elementor-element-05148c9 e-flex e-con-boxed e-con e-parent\" data-id=\"05148c9\" data-element_type=\"container\" data-e-type=\"container\">\n\t\t\t\t\t<div class=\"e-con-inner\">\n\t\t<div class=\"elementor-element elementor-element-eccf5bc e-grid e-con-full e-con e-child\" data-id=\"eccf5bc\" data-element_type=\"container\" data-e-type=\"container\">\n\t\t\t\t<div class=\"elementor-element elementor-element-3339efa elementor-widget elementor-widget-text-editor\" data-id=\"3339efa\" data-element_type=\"widget\" data-e-type=\"widget\" data-widget_type=\"text-editor.default\">\n\t\t\t\t<div class=\"elementor-widget-container\">\n\t\t\t\t\t\t\t\t\t<ul>\n \t<li>Acc\u00e8s wi-fi gratuit ;<\/li>\n \t<li>Climatisation ;<\/li>\n \t<li>T\u00e9l\u00e9vision par satellite ;<\/li>\n \t<li>T\u00e9l\u00e9phone ;<\/li>\n \t<li>Mini-bar ;<\/li>\n \t<li>Bureau ;<\/li>\n \t<li>S\u00fbr ;<\/li>\n \t<li>Penderie ;<\/li>\n \t<li>Salle de bains en marbre avec douche et\/ou baignoire ;<\/li>\n \t<li>S\u00e8che-cheveux ;<\/li>\n \t<li>Peignoirs \/ pantoufles \/ tongs pour la piscine ;<\/li>\n \t<li>Set de courtoisie ;<\/li>\n \t<li>Service de retournement en soir\u00e9e.<\/li>\n<\/ul>\t\t\t\t\t\t\t\t<\/div>\n\t\t\t\t<\/div>\n\t\t\t\t<div class=\"elementor-element elementor-element-65bb977 elementor-widget elementor-widget-text-editor\" data-id=\"65bb977\" data-element_type=\"widget\" data-e-type=\"widget\" data-widget_type=\"text-editor.default\">\n\t\t\t\t<div class=\"elementor-widget-container\">\n\t\t\t\t\t\t\t\t\t<ul>\n<li>Set de courtoisie COMFORT ZONE ;<\/li>\n<li>Machine \u00e0 caf\u00e9 Nespresso.<\/li>\n<\/ul>\t\t\t\t\t\t\t\t<\/div>\n\t\t\t\t<\/div>\n\t\t\t\t<\/div>\n\t\t\t\t\t<\/div>\n\t\t\t\t<\/div>\n\t\t\t\t<\/div>","protected":false},"excerpt":{"rendered":"<p>Galerie Suites\u200b Our Gallery Suites are located in the oldest part of the Ch\u00e2teau de Mirambeau dating from the XI &#8211; XIII century. Covering an area of \u200b\u200bapproximately 55 m\u00b2, these Suites are ideal for families, even offering the possibility to privatize the floor which includes 2 Suites. They all have a large dressing room, [&hellip;]<\/p>\n","protected":false},"author":1,"featured_media":0,"parent":644,"menu_order":0,"comment_status":"closed","ping_status":"closed","template":"","meta":{"site-sidebar-layout":"no-sidebar","site-content-layout":"page-builder","ast-site-content-layout":"full-width-container","site-content-style":"unboxed","site-sidebar-style":"default","ast-global-header-display":"","ast-banner-title-visibility":"","ast-main-header-display":"","ast-hfb-above-header-display":"","ast-hfb-below-header-display":"","ast-hfb-mobile-header-display":"","site-post-title":"disabled","ast-breadcrumbs-content":"disabled","ast-featured-img":"disabled","footer-sml-layout":"","ast-disable-related-posts":"","theme-transparent-header-meta":"enabled","adv-header-id-meta":"","stick-header-meta":"","header-above-stick-meta":"","header-main-stick-meta":"","header-below-stick-meta":"","astra-migrate-meta-layouts":"set","ast-page-background-enabled":"default","ast-page-background-meta":{"desktop":{"background-color":"","background-image":"","background-repeat":"repeat","background-position":"center center","background-size":"auto","background-attachment":"scroll","background-type":"","background-media":"","overlay-type":"","overlay-color":"","overlay-opacity":"","overlay-gradient":""},"tablet":{"background-color":"","background-image":"","background-repeat":"repeat","background-position":"center center","background-size":"auto","background-attachment":"scroll","background-type":"","background-media":"","overlay-type":"","overlay-color":"","overlay-opacity":"","overlay-gradient":""},"mobile":{"background-color":"","background-image":"","background-repeat":"repeat","background-position":"center center","background-size":"auto","background-attachment":"scroll","background-type":"","background-media":"","overlay-type":"","overlay-color":"","overlay-opacity":"","overlay-gradient":""}},"ast-content-background-meta":{"desktop":{"background-color":"var(--ast-global-color-5)","background-image":"","background-repeat":"repeat","background-position":"center center","background-size":"auto","background-attachment":"scroll","background-type":"","background-media":"","overlay-type":"","overlay-color":"","overlay-opacity":"","overlay-gradient":""},"tablet":{"background-color":"var(--ast-global-color-5)","background-image":"","background-repeat":"repeat","background-position":"center center","background-size":"auto","background-attachment":"scroll","background-type":"","background-media":"","overlay-type":"","overlay-color":"","overlay-opacity":"","overlay-gradient":""},"mobile":{"background-color":"var(--ast-global-color-5)","background-image":"","background-repeat":"repeat","background-position":"center center","background-size":"auto","background-attachment":"scroll","background-type":"","background-media":"","overlay-type":"","overlay-color":"","overlay-opacity":"","overlay-gradient":""}},"footnotes":""},"class_list":["post-1859","page","type-page","status-publish","hentry"],"yoast_head":"<!-- This site is optimized with the Yoast SEO plugin v27.3 - https:\/\/yoast.com\/product\/yoast-seo-wordpress\/ -->\n<title>Galerie Suites - Ch\u00e2teau de Mirambeau<\/title>\n<meta name=\"robots\" content=\"index, follow, max-snippet:-1, max-image-preview:large, max-video-preview:-1\" \/>\n<link rel=\"canonical\" href=\"https:\/\/chateau-mirambeau.exelyweb.com\/fr\/chambres-suites\/suite-galerie\/\" \/>\n<meta property=\"og:locale\" content=\"fr_FR\" \/>\n<meta property=\"og:type\" content=\"article\" \/>\n<meta property=\"og:title\" content=\"Galerie Suites - Ch\u00e2teau de Mirambeau\" \/>\n<meta property=\"og:description\" content=\"Galerie Suites\u200b Our Gallery Suites are located in the oldest part of the Ch\u00e2teau de Mirambeau dating from the XI &#8211; XIII century. Covering an area of \u200b\u200bapproximately 55 m\u00b2, these Suites are ideal for families, even offering the possibility to privatize the floor which includes 2 Suites. They all have a large dressing room, [&hellip;]\" \/>\n<meta property=\"og:url\" content=\"https:\/\/chateau-mirambeau.exelyweb.com\/fr\/chambres-suites\/suite-galerie\/\" \/>\n<meta property=\"og:site_name\" content=\"Ch\u00e2teau de Mirambeau\" \/>\n<meta property=\"article:modified_time\" content=\"2026-03-02T13:56:14+00:00\" \/>\n<meta property=\"og:image\" content=\"https:\/\/chateau-mirambeau.exelyweb.com\/wp-content\/uploads\/2025\/11\/Galerie-Suite-ch.36-001-2-e1763987176973-768x427.jpg\" \/>\n<meta name=\"twitter:card\" content=\"summary_large_image\" \/>\n<meta name=\"twitter:label1\" content=\"Dur\u00e9e de lecture estim\u00e9e\" \/>\n\t<meta name=\"twitter:data1\" content=\"2 minutes\" \/>\n<script type=\"application\/ld+json\" class=\"yoast-schema-graph\">{\"@context\":\"https:\\\/\\\/schema.org\",\"@graph\":[{\"@type\":\"WebPage\",\"@id\":\"https:\\\/\\\/chateau-mirambeau.exelyweb.com\\\/rooms-suites\\\/suite-galerie\\\/\",\"url\":\"https:\\\/\\\/chateau-mirambeau.exelyweb.com\\\/rooms-suites\\\/suite-galerie\\\/\",\"name\":\"Galerie Suites - Ch\u00e2teau de Mirambeau\",\"isPartOf\":{\"@id\":\"https:\\\/\\\/chateau-mirambeau.exelyweb.com\\\/#website\"},\"primaryImageOfPage\":{\"@id\":\"https:\\\/\\\/chateau-mirambeau.exelyweb.com\\\/rooms-suites\\\/suite-galerie\\\/#primaryimage\"},\"image\":{\"@id\":\"https:\\\/\\\/chateau-mirambeau.exelyweb.com\\\/rooms-suites\\\/suite-galerie\\\/#primaryimage\"},\"thumbnailUrl\":\"https:\\\/\\\/chateau-mirambeau.exelyweb.com\\\/wp-content\\\/uploads\\\/2025\\\/11\\\/Galerie-Suite-ch.36-001-2-e1763987176973-768x427.jpg\",\"datePublished\":\"2025-07-29T12:17:44+00:00\",\"dateModified\":\"2026-03-02T13:56:14+00:00\",\"breadcrumb\":{\"@id\":\"https:\\\/\\\/chateau-mirambeau.exelyweb.com\\\/rooms-suites\\\/suite-galerie\\\/#breadcrumb\"},\"inLanguage\":\"fr-FR\",\"potentialAction\":[{\"@type\":\"ReadAction\",\"target\":[\"https:\\\/\\\/chateau-mirambeau.exelyweb.com\\\/rooms-suites\\\/suite-galerie\\\/\"]}]},{\"@type\":\"ImageObject\",\"inLanguage\":\"fr-FR\",\"@id\":\"https:\\\/\\\/chateau-mirambeau.exelyweb.com\\\/rooms-suites\\\/suite-galerie\\\/#primaryimage\",\"url\":\"https:\\\/\\\/chateau-mirambeau.exelyweb.com\\\/wp-content\\\/uploads\\\/2025\\\/11\\\/Galerie-Suite-ch.36-001-2-e1763987176973-768x427.jpg\",\"contentUrl\":\"https:\\\/\\\/chateau-mirambeau.exelyweb.com\\\/wp-content\\\/uploads\\\/2025\\\/11\\\/Galerie-Suite-ch.36-001-2-e1763987176973-768x427.jpg\"},{\"@type\":\"BreadcrumbList\",\"@id\":\"https:\\\/\\\/chateau-mirambeau.exelyweb.com\\\/rooms-suites\\\/suite-galerie\\\/#breadcrumb\",\"itemListElement\":[{\"@type\":\"ListItem\",\"position\":1,\"name\":\"Home\",\"item\":\"https:\\\/\\\/chateau-mirambeau.exelyweb.com\\\/\"},{\"@type\":\"ListItem\",\"position\":2,\"name\":\"Rooms &amp; Suites\",\"item\":\"https:\\\/\\\/chateau-mirambeau.exelyweb.com\\\/rooms-suites\\\/\"},{\"@type\":\"ListItem\",\"position\":3,\"name\":\"Galerie Suites\"}]},{\"@type\":\"WebSite\",\"@id\":\"https:\\\/\\\/chateau-mirambeau.exelyweb.com\\\/#website\",\"url\":\"https:\\\/\\\/chateau-mirambeau.exelyweb.com\\\/\",\"name\":\"Ch\u00e2teau de Mirambeau\",\"description\":\"Official Hotel Website\",\"publisher\":{\"@id\":\"https:\\\/\\\/chateau-mirambeau.exelyweb.com\\\/#organization\"},\"potentialAction\":[{\"@type\":\"SearchAction\",\"target\":{\"@type\":\"EntryPoint\",\"urlTemplate\":\"https:\\\/\\\/chateau-mirambeau.exelyweb.com\\\/?s={search_term_string}\"},\"query-input\":{\"@type\":\"PropertyValueSpecification\",\"valueRequired\":true,\"valueName\":\"search_term_string\"}}],\"inLanguage\":\"fr-FR\"},{\"@type\":\"Organization\",\"@id\":\"https:\\\/\\\/chateau-mirambeau.exelyweb.com\\\/#organization\",\"name\":\"Ch\u00e2teau de Mirambeau\",\"url\":\"https:\\\/\\\/chateau-mirambeau.exelyweb.com\\\/\",\"logo\":{\"@type\":\"ImageObject\",\"inLanguage\":\"fr-FR\",\"@id\":\"https:\\\/\\\/chateau-mirambeau.exelyweb.com\\\/#\\\/schema\\\/logo\\\/image\\\/\",\"url\":\"https:\\\/\\\/chateau-mirambeau.exelyweb.com\\\/wp-content\\\/uploads\\\/2025\\\/08\\\/logo_bianco.svg\",\"contentUrl\":\"https:\\\/\\\/chateau-mirambeau.exelyweb.com\\\/wp-content\\\/uploads\\\/2025\\\/08\\\/logo_bianco.svg\",\"width\":348,\"height\":65,\"caption\":\"Ch\u00e2teau de Mirambeau\"},\"image\":{\"@id\":\"https:\\\/\\\/chateau-mirambeau.exelyweb.com\\\/#\\\/schema\\\/logo\\\/image\\\/\"}}]}<\/script>\n<!-- \/ Yoast SEO plugin. -->","yoast_head_json":{"title":"Galerie Suites - Ch\u00e2teau de Mirambeau","robots":{"index":"index","follow":"follow","max-snippet":"max-snippet:-1","max-image-preview":"max-image-preview:large","max-video-preview":"max-video-preview:-1"},"canonical":"https:\/\/chateau-mirambeau.exelyweb.com\/fr\/chambres-suites\/suite-galerie\/","og_locale":"fr_FR","og_type":"article","og_title":"Galerie Suites - Ch\u00e2teau de Mirambeau","og_description":"Galerie Suites\u200b Our Gallery Suites are located in the oldest part of the Ch\u00e2teau de Mirambeau dating from the XI &#8211; XIII century. Covering an area of \u200b\u200bapproximately 55 m\u00b2, these Suites are ideal for families, even offering the possibility to privatize the floor which includes 2 Suites. They all have a large dressing room, [&hellip;]","og_url":"https:\/\/chateau-mirambeau.exelyweb.com\/fr\/chambres-suites\/suite-galerie\/","og_site_name":"Ch\u00e2teau de Mirambeau","article_modified_time":"2026-03-02T13:56:14+00:00","og_image":[{"url":"https:\/\/chateau-mirambeau.exelyweb.com\/wp-content\/uploads\/2025\/11\/Galerie-Suite-ch.36-001-2-e1763987176973-768x427.jpg","type":"","width":"","height":""}],"twitter_card":"summary_large_image","twitter_misc":{"Dur\u00e9e de lecture estim\u00e9e":"2 minutes"},"schema":{"@context":"https:\/\/schema.org","@graph":[{"@type":"WebPage","@id":"https:\/\/chateau-mirambeau.exelyweb.com\/rooms-suites\/suite-galerie\/","url":"https:\/\/chateau-mirambeau.exelyweb.com\/rooms-suites\/suite-galerie\/","name":"Galerie Suites - Ch\u00e2teau de Mirambeau","isPartOf":{"@id":"https:\/\/chateau-mirambeau.exelyweb.com\/#website"},"primaryImageOfPage":{"@id":"https:\/\/chateau-mirambeau.exelyweb.com\/rooms-suites\/suite-galerie\/#primaryimage"},"image":{"@id":"https:\/\/chateau-mirambeau.exelyweb.com\/rooms-suites\/suite-galerie\/#primaryimage"},"thumbnailUrl":"https:\/\/chateau-mirambeau.exelyweb.com\/wp-content\/uploads\/2025\/11\/Galerie-Suite-ch.36-001-2-e1763987176973-768x427.jpg","datePublished":"2025-07-29T12:17:44+00:00","dateModified":"2026-03-02T13:56:14+00:00","breadcrumb":{"@id":"https:\/\/chateau-mirambeau.exelyweb.com\/rooms-suites\/suite-galerie\/#breadcrumb"},"inLanguage":"fr-FR","potentialAction":[{"@type":"ReadAction","target":["https:\/\/chateau-mirambeau.exelyweb.com\/rooms-suites\/suite-galerie\/"]}]},{"@type":"ImageObject","inLanguage":"fr-FR","@id":"https:\/\/chateau-mirambeau.exelyweb.com\/rooms-suites\/suite-galerie\/#primaryimage","url":"https:\/\/chateau-mirambeau.exelyweb.com\/wp-content\/uploads\/2025\/11\/Galerie-Suite-ch.36-001-2-e1763987176973-768x427.jpg","contentUrl":"https:\/\/chateau-mirambeau.exelyweb.com\/wp-content\/uploads\/2025\/11\/Galerie-Suite-ch.36-001-2-e1763987176973-768x427.jpg"},{"@type":"BreadcrumbList","@id":"https:\/\/chateau-mirambeau.exelyweb.com\/rooms-suites\/suite-galerie\/#breadcrumb","itemListElement":[{"@type":"ListItem","position":1,"name":"Home","item":"https:\/\/chateau-mirambeau.exelyweb.com\/"},{"@type":"ListItem","position":2,"name":"Rooms &amp; Suites","item":"https:\/\/chateau-mirambeau.exelyweb.com\/rooms-suites\/"},{"@type":"ListItem","position":3,"name":"Galerie Suites"}]},{"@type":"WebSite","@id":"https:\/\/chateau-mirambeau.exelyweb.com\/#website","url":"https:\/\/chateau-mirambeau.exelyweb.com\/","name":"Ch\u00e2teau de Mirambeau","description":"Site officiel de l'h\u00f4tel","publisher":{"@id":"https:\/\/chateau-mirambeau.exelyweb.com\/#organization"},"potentialAction":[{"@type":"SearchAction","target":{"@type":"EntryPoint","urlTemplate":"https:\/\/chateau-mirambeau.exelyweb.com\/?s={search_term_string}"},"query-input":{"@type":"PropertyValueSpecification","valueRequired":true,"valueName":"search_term_string"}}],"inLanguage":"fr-FR"},{"@type":"Organization","@id":"https:\/\/chateau-mirambeau.exelyweb.com\/#organization","name":"Ch\u00e2teau de Mirambeau","url":"https:\/\/chateau-mirambeau.exelyweb.com\/","logo":{"@type":"ImageObject","inLanguage":"fr-FR","@id":"https:\/\/chateau-mirambeau.exelyweb.com\/#\/schema\/logo\/image\/","url":"https:\/\/chateau-mirambeau.exelyweb.com\/wp-content\/uploads\/2025\/08\/logo_bianco.svg","contentUrl":"https:\/\/chateau-mirambeau.exelyweb.com\/wp-content\/uploads\/2025\/08\/logo_bianco.svg","width":348,"height":65,"caption":"Ch\u00e2teau de Mirambeau"},"image":{"@id":"https:\/\/chateau-mirambeau.exelyweb.com\/#\/schema\/logo\/image\/"}}]}},"_links":{"self":[{"href":"https:\/\/chateau-mirambeau.exelyweb.com\/fr\/wp-json\/wp\/v2\/pages\/1859","targetHints":{"allow":["GET"]}}],"collection":[{"href":"https:\/\/chateau-mirambeau.exelyweb.com\/fr\/wp-json\/wp\/v2\/pages"}],"about":[{"href":"https:\/\/chateau-mirambeau.exelyweb.com\/fr\/wp-json\/wp\/v2\/types\/page"}],"author":[{"embeddable":true,"href":"https:\/\/chateau-mirambeau.exelyweb.com\/fr\/wp-json\/wp\/v2\/users\/1"}],"replies":[{"embeddable":true,"href":"https:\/\/chateau-mirambeau.exelyweb.com\/fr\/wp-json\/wp\/v2\/comments?post=1859"}],"version-history":[{"count":57,"href":"https:\/\/chateau-mirambeau.exelyweb.com\/fr\/wp-json\/wp\/v2\/pages\/1859\/revisions"}],"predecessor-version":[{"id":3265,"href":"https:\/\/chateau-mirambeau.exelyweb.com\/fr\/wp-json\/wp\/v2\/pages\/1859\/revisions\/3265"}],"up":[{"embeddable":true,"href":"https:\/\/chateau-mirambeau.exelyweb.com\/fr\/wp-json\/wp\/v2\/pages\/644"}],"wp:attachment":[{"href":"https:\/\/chateau-mirambeau.exelyweb.com\/fr\/wp-json\/wp\/v2\/media?parent=1859"}],"curies":[{"name":"wp","href":"https:\/\/api.w.org\/{rel}","templated":true}]}}